{"id":18,"date":"2022-11-20T14:13:53","date_gmt":"2022-11-20T14:13:53","guid":{"rendered":"https:\/\/issues.digitalpatmos.com\/vol6issue1\/?page_id=18"},"modified":"2022-11-26T14:34:57","modified_gmt":"2022-11-26T14:34:57","slug":"the-necessity-of-apocalyptic-destruction-hope-and-renewal-in-the-book-of-revelation-and-voluspa","status":"publish","type":"page","link":"https:\/\/issues.digitalpatmos.com\/vol6issue1\/the-necessity-of-apocalyptic-destruction-hope-and-renewal-in-the-book-of-revelation-and-voluspa\/","title":{"rendered":"The Necessity of Apocalyptic Destruction: Hope and Renewal in the Book of Revelation and V\u00f6lusp\u00e1"},"content":{"rendered":"\n<h6 class=\"has-source-serif-pro-font-family wp-block-heading\" style=\"text-transform:none\"><em>by Austin Ho<\/em><\/h6>\n\n\n\n<h2 class=\"wp-block-heading\"><strong>Introduction<\/strong><\/h2>\n\n\n\n<p class=\"has-source-serif-pro-font-family\">Contemporary fiction is saturated with dystopian depictions of the apocalypse, carrying images of cataclysmic destruction to society and the world at large. This saturation, Bendle (2005) argues, is reflective of the 20th-century repositioning from a \u2018Promethean to an Augustinian view of human nature and history\u2019 (p. 2), an adverse change in the faith in human morality which culminates in the development of narratives with dystopian visions that crowd out utopian apocalypses common in the eschatological tradition. Examples across different media and genres include films like <em>Don\u2019t Look Up<\/em> (2021), books such as <em>Station Eleven<\/em> (2014) and manga series like <em>Attack on Titan <\/em>(2009); these narratives do not shy away from their pessimistic overtones, portraying what Bendle (2005) called \u2018a conviction of human sinfulness and weakness\u2019 (p. 2) through their negative characterisations of humanity.<\/p>\n\n\n\n<p class=\"has-background-background-color has-background has-source-serif-pro-font-family\">Not all contemporary works are purely dystopian, and some carry a hopeful message or promise of renewal in their endings, even if glossed over. For instance, <em>2012<\/em> (2009) ends on a hopeful note with the prospective reorganisation of society after the events of the apocalypse, though it is brief and greatly overshadowed by the plot which paints a picture of what could be if humanity cooperates for collective survival.&nbsp;<\/p>\n\n\n\n<p class=\"has-source-serif-pro-font-family\">Nonetheless, popular apocalyptic imagination, as presented in the media today, remains largely representative of our understanding of the end times\u2014namely one of dystopian pessimism. War (2011) argues that this is due to the secular nature of the \u2018modern\u2019 apocalypse, which borrows ideas from its religious origins but departs from them in its focus on \u2018disaster as the primary interest\u2019 (p. 3). War (2011) asserts:<\/p>\n\n\n\n<blockquote class=\"wp-block-quote has-background-background-color has-background has-source-serif-pro-font-family is-layout-flow wp-block-quote-is-layout-flow\">\n<p class=\"has-source-serif-pro-font-family\">Modern man\u2019s secular imagination pictures an apocalypse of despair, in which the end of the world will be final, without the promise of any renewal. No new heaven or earth will follow. A sense of helplessness and despair envisioned about the future of man are final and total.<\/p>\n<cite>(p. 2)<\/cite><\/blockquote>\n\n\n\n<p class=\"has-background-background-color has-background has-source-serif-pro-font-family\">However, if we were to trace the origins of apocalypses to religion and mythology where these narratives were conceived, we would observe similar widespread destruction but not the same finality that many contemporary texts proclaim; indeed, we would instead find the \u2018Promethean\u2019 view Bendle (2005) speaks of, encoded in the language of apocalyptic narratives which symbolise an end to an undesirable state of affairs, and the beginning of a new era. Unlike in most contemporary fiction, the hope of renewal in religious and mythological narratives, specifically as portrayed in the <em>Book of Revelation <\/em>and<em> V\u00f6lusp\u00e1<\/em>, is\u2014as I will explore in this article\u2014not only present but central to their message. I will argue that they chiefly intended to convey this message of hope not in opposition to, but <em>through<\/em> apocalyptic destruction, by highlighting the latter\u2019s critical role in expunging the decaying world of its undesirable elements in order to pave the way for a new and better one. In so doing, I hope to resolve the conflict that lies at the heart of this apparent contradiction between the insistence on the necessity of destruction in traditional apocalyptic texts, and the auguries of hope they espouse.<\/p>\n\n\n\n<h2 class=\"wp-block-heading\"><strong>Origins of the Apocalypse<\/strong><\/h2>\n\n\n\n<p class=\"has-source-serif-pro-font-family\">Contrary to its popular definition of \u2018widespread destruction\u2019 (War, 2011, p. 3), apocalypse, from Ancient Greek <em>apok\u00e1lupsis <\/em>(\u2018revelation\u2019), originally referred to the unveiling of divine secrets by a supernatural entity (Carey, 2012). In the <em>Book of Revelation<\/em>, an angel reveals a series of prophetic visions detailing the fate of humanity and the world to the author, John of Patmos. Likewise, in the Norse text <em>V\u00f6lusp\u00e1 <\/em>(\u2018Prophecy of the Seeress\u2019), a prophetess addresses the god Odin, providing an account of the end of the world in the climactic battle of <em>Ragnar\u00f6k<\/em>, and thereafter, its rebirth. Through their portentous narratives, we can surmise that the apocalypses in both texts<em> <\/em>serve a purpose of conveying a message encoded with a truth about the destiny of the world at the end of time, and beyond.<\/p>\n\n\n\n<figure class=\"wp-block-image\"><img decoding=\"async\" src=\"https:\/\/lh3.googleusercontent.com\/0XH8nz0z3jXgHttCnWRT7--MyNVvaqbeJ104qj1xYLMpe_oFTmfUGerRrWUv7H0J8C0jgOBxoF7o65RtsJkwAdMaOBJdPB2yzpp0OVgoJOPn9nONvtrQlLkdDEXqlphYuh3PGPaoXrLe40hN55NFtMUdZ4vtIJeAX9DAsvh90LdfjPsAOWtuqxLvFd3-hA\" alt=\"\" \/><figcaption class=\"wp-element-caption\"><em>T<em>he Vision of John on Patmos&nbsp;<\/em><\/em>(1860) by Julius Schnorr<\/figcaption><\/figure>\n\n\n\n<figure class=\"wp-block-image\"><img decoding=\"async\" src=\"https:\/\/lh4.googleusercontent.com\/bXhYjB31qTwHcTOOFVsSWJthR12PsiNZ8rmEos0VyqxHpM7PXjifNQY1FdjV46cG_rCc3y6Lu9b-k3Kb0VsyfNOz2TuHsFCsqas4aNhidwkvML-QanNbAhj0x2QeSkITpTXgJNhLGBF12cCi-3olKDwSYhJwdV-BQzOW89Qgtg8rAPUypO2oB5rVeWwI8Q\" alt=\"\" \/><figcaption class=\"wp-element-caption\"><em>Odin and the V<em>\u00f6<\/em>lva<\/em> (1895) by Lorenz Fr\u00f8lich<\/figcaption><\/figure>\n\n\n\n<h2 class=\"wp-block-heading\"><strong>Destruction in the <em>Book of Revelation<\/em> and <em>V\u00f6lusp\u00e1<\/em><\/strong><\/h2>\n\n\n\n<p class=\"has-source-serif-pro-font-family\">The apocalypses in both texts attest to a battle between dominant forces in the world, and present to varying degrees the triumph of good over evil, with widespread destruction as a part of the eschatological timeline.<em> <\/em>The <em>Holy Bible, New International Version<\/em> (1973\/2011)<em> <\/em>details the War in Heaven, in which the heavenly host, led by the archangel Michael, confronts the devil Satan and his angels in battle. The war ends in defeat for Satan, who \u2018was hurled to the earth, and his angels with him\u2019 (Rev 12:7\u20139).<\/p>\n\n\n\n<figure class=\"wp-block-image\"><img decoding=\"async\" src=\"https:\/\/lh3.googleusercontent.com\/qCh7zP8jRojas8mFDsw1cCZ5PnYeTXV1G3gBHqQxD5Vs_Q5Zhgjy6V7f8beqT5ENkW3u-363aLhUmvOff4v8HBK0WxXJ8u5JG2_7viS4Ac9AhQe9IxhX0J9AuzsWqY0Aa5aErI5j-C4JyXBwQISlSjaHEaOVJu8jW3YkQ6BboS45OXEl0Oy0LkDOk1HoTw\" alt=\"\" \/><figcaption class=\"wp-element-caption\">Illustration depicting the War in Heaven by Gustave Dor\u00e9 (1866)<\/figcaption><\/figure>\n\n\n\n<p class=\"has-source-serif-pro-font-family\">In a similar vein, the <em>V\u00f6lusp\u00e1<\/em> attests to the apocalyptic event of <em>Ragnar\u00f6k<\/em>, literally the \u2018Final Destiny of the Gods\u2019 (Simek &amp; Hall, 1996, p. 259), relayed through the seeress\u2019 visions in which the gods face their enemies in a final war to end all wars. Though the gods emerge victorious, many of the mightiest among them are slain in battle, with Odin swallowed by the wolf Fenrir and Thor succumbing to the venom of the world serpent J\u00f6rmungandr (Bellows, 1936). By depicting the fallibility of the gods, the scale of the destruction of Ragnar\u00f6k is effectively communicated.<\/p>\n\n\n\n<figure class=\"wp-block-image\"><img decoding=\"async\" src=\"https:\/\/lh6.googleusercontent.com\/XNedLEnhsv3Z0YFVrUJqHm8QgVJElOFaKRhfLNNAuwRK4S_lJYb3X9K2g7uvO-T0YrJhZYCdcUcba9EPwerXwetbiRzgUmgcYUTykCkL1xC7rGUm8t_fBv0vKDxF8qs332f93rujEjbaEd4Mb5TsyN7HHZ61etjTvgb1npWC9AJggYOfwBjQdqko2M11-A\" alt=\"\" \/><figcaption class=\"wp-element-caption\">Illustration depicting the final battle of Ragnar\u00f6k by Johannes Gehrts (1903)<\/figcaption><\/figure>\n\n\n\n<p class=\"has-source-serif-pro-font-family\">This theme of death and conflict is accentuated in both texts by accounts of the destruction of the natural world on a celestial scale, invoking imagery strikingly similar to each other. <em>Revelation<\/em> states:<\/p>\n\n\n\n<blockquote class=\"wp-block-quote has-source-serif-pro-font-family is-layout-flow wp-block-quote-is-layout-flow\">\n<p class=\"has-source-serif-pro-font-family\">There was a great earthquake. <em>The sun turned black<\/em> like sackcloth made of goat hair, <em>the whole moon turned blood red<\/em>, and <em>the stars in the sky fell to earth<\/em>, as figs drop from a fig tree when shaken by a strong wind. The <em>heavens<\/em> receded like a scroll being rolled up, and every mountain and island was removed from its place. <\/p>\n<cite>[italics added for emphasis] (6:12\u201314)<\/cite><\/blockquote>\n\n\n\n<p class=\"has-source-serif-pro-font-family\">This natural imagery is repeated in chapter eight of <em>Revelation<\/em> with the angels sounding the trumpets, where \u2018hail and <em>fire<\/em> mixed with blood\u2019 is \u2018hurled down on the earth\u2019, setting \u2018a third of the earth\u2019, \u2018a third of the trees\u2019, \u2018and all the green grass\u2019 ablaze (Rev 8:7); \u2018<em>a great star, blazing like a torch, fell from the sky<\/em>\u2019 (Rev 8:10) and \u2018a third of the <em>sun<\/em> was struck, a third of the <em>moon<\/em>, and a third of the <em>stars<\/em>, so that a third of them <em>turned<\/em><strong> <\/strong><em>dark<\/em>\u2019 (Rev 8:12). Stanza 57 of the <em>V\u00f6lusp\u00e1<\/em> echoes the extent of destruction thus:<\/p>\n\n\n\n<blockquote class=\"wp-block-quote has-source-serif-pro-font-family is-layout-flow wp-block-quote-is-layout-flow\">\n<p class=\"has-source-serif-pro-font-family\"><em>The sun turns black<\/em>, | earth sinks in the sea,&nbsp;<br><em>The hot stars down<\/em> | <em>from heaven are whirled<\/em>;<br>Fierce grows the steam | and the life-feeding <em>flame<\/em>,&nbsp;<br>Till <em>fire<\/em> leaps high | about heaven itself. &nbsp;<\/p>\n<cite>[italics added for emphasis] (Bellows, 1936, p. 24)<\/cite><\/blockquote>\n\n\n\n<p class=\"has-source-serif-pro-font-family\">In totality, the evocation of natural elements and disasters both familiar\u2014floods, earthquakes and fire\u2014and fantastical\u2014a blackened sun and falling stars\u2014emphasises the hyperbolic scale of damage wrought by the apocalypses. In particular, the extinguishing of natural light and thus the spread of darkness might be representative of the despair and hopelessness the events inspire in those who are prophesied to experience them. This is precisely the kind of vivid imagery that Bendle (2005) asserts has moulded the \u2018contemporary apocalyptic imagination\u2019 (p. 2).<\/p>\n\n\n\n<h2 class=\"wp-block-heading\"><strong>Hope and Renewal in<em> Revelation <\/em>and<em> V\u00f6lusp\u00e1<\/em><\/strong><\/h2>\n\n\n\n<p class=\"has-source-serif-pro-font-family\">Nonetheless, the theme of hope and renewal is evident in both texts. In <em>Revelation<\/em>, the Christian faithful are spared from the tribulations of the apocalypse, with harm prevented from befalling those with the seal of God on their foreheads. It is emphasised through repetition and absolute terms that \u2018he who sits on the throne will shelter them with his presence\u2019 and \u2018<em>never again<\/em><strong> <\/strong>will they hunger, <em>never again<\/em><strong> <\/strong>will they thirst. The sun <em>will not<\/em> beat down on them.\u2019 (Rev 7:15\u201316), contrasting the protection of the believers with the suffering and death faced by the non-believers. Ultimately, \u2018God <em>will wipe away every tear from their eyes<\/em>\u2019 (Rev 7:17), summarising the promise of happiness by God to the faithful as a symbol of hope in the apocalypse. The destruction of the world makes way for the establishment of the heavenly kingdom, called \u2018new Jerusalem\u2019 in <em>Revelation 21<\/em>. This \u2018new heaven and new earth\u2019 represents a far purer form of the world than the old one, with no more \u2018death, mourning, crying or pain\u2019; \u2018for the old order of things has passed away\u2019 (Rev 21:4). Rev 21:4 repeats the message that \u2018He <em>will wipe every tear from their eyes<\/em>\u2019, cementing its central position as a promise of hope in the kingdom to come after the apocalypse.&nbsp;<\/p>\n\n\n\n<p class=\"has-source-serif-pro-font-family\">In the <em>V\u00f6lusp\u00e1<\/em>, the message of hope and renewal is conveyed through the evocation of natural imagery once again as a new world rises from the ashes of the old. Stanza 59 describes the emergence of the verdant earth from the waves it had hitherto been submerged under, while stanzas 60\u201362 depict the return of the younger gods who meet to reminisce on the affairs of the old world whilst standing amidst fecund fields that \u2018bear unripened fruit\u2019 (Bellows, 1936, pp. 24\u201325). Here, images of natural beauty are used to depict a sense of peace and tranquility, juxtaposed with that used to describe the chaotic events of Ragnar\u00f6k. Twice is gold used as an image of prosperity in the new age: first in \u2018golden tables\u2019 (Bellows, 1936, p. 25) and then in describing Giml\u00e9, the paradisiacal abode of the righteous rulers \u2018roofed with gold\u2019 (Bellows, 1936, p. 26). Stanza 64 ends with \u2018And happiness ever | there shall they have\u2019 (Bellows, 1936, p. 26), bringing the prognostication of the seeress to a close with a hopeful promise of happiness in the new world\u2014a \u2018gleaming new aeon that abets humanity&#8217;s life where the balance in the world would be restored\u2019 (Mehanovi\u0107, 2021, p. 55).<\/p>\n\n\n\n<figure class=\"wp-block-image\"><img decoding=\"async\" src=\"https:\/\/lh4.googleusercontent.com\/h6L3BSDYnKKg7PgVyeY7YDay8ZxLfc2jAheiStjezlntdDpzpQEf9JxDYCg70WQar6GI-OWiVpoOfhEqK0TMU-xXCmd6DldyLi5TSCN8sEeP5hRSppQ5onBGdFpi97w1wjnepy0WDEe8F3pqm9_ZIgR5BjeJWOOvOd3HLOmP_LZX9a8XlRvMpNwAZYjcOw\" alt=\"\" \/><figcaption class=\"wp-element-caption\"><em> After Ragnar\u00f6k<\/em> (ca. 1905) by Emil Doepler<\/figcaption><\/figure>\n\n\n\n<h2 class=\"wp-block-heading\"><strong>The Necessity of Destruction in the Hopeful Promise of Renewal<\/strong><\/h2>\n\n\n\n<p class=\"has-source-serif-pro-font-family\">From both texts, it may be observed that apocalyptic destruction is instrumental\u2014and not merely collateral\u2014in ridding the old world of its undesirable elements, be it evil in the form of Satan and his followers, or the enemies of the gods. In <em>Revelation<\/em>, the destruction specifically serves as a form of collective ablution for the blight that sin has tainted humanity with, in order to purify the world for the Elect to inherit the Kingdom of God. In his seminal work <em>The Pursuit of the Millenium<\/em>, Norman Cohn (1970) asserts that the moral degeneration of humanity in the events leading up to <em>Revelation<\/em> necessitated apocalyptic destruction, for humanity \u2018must indeed be subjected to a sifting judgment so severe that it will effect a clean break with the guilty past\u2019 (p. 20). Philosopher Gilles Deleuze (1998, as cited in Falkenburg, 2014) concurs, arguing that John of Patmos \u2018calls up the pagan cosmos only in order to finish it off, to bring about its hallucinatory destruction\u2019, and that \u2018the Christian apocalypse must destroy the world in order to found the celestial kingdom\u2018 (p. 48).<\/p>\n\n\n\n<p class=\"has-source-serif-pro-font-family\">Likewise, in juxtaposing the destruction of Ragnar\u00f6k with the clean slate it brings to the world, the V\u00f6lusp\u00e1 is a myth Walker (2013\/2018) would describe as a \u201cmagnificent evocation of cosmic destruction leading to world renewal\u201d (p. 4). Berger (1994) observes:&nbsp;<\/p>\n\n\n\n<blockquote class=\"wp-block-quote has-source-serif-pro-font-family is-layout-flow wp-block-quote-is-layout-flow\">\n<p class=\"has-source-serif-pro-font-family\">\u201cTo destroy in order to save\u201d can be paraphrased, \u201cTo rupture in order to continue.\u201d Apocalypse posits, on one hand, absolute discontinuity. But on the other, the radical clearing away occurs for the benefit of values already known. Two contradictory statements: Everything is destroyed, and, some things continue. <\/p>\n<cite>(p. 13)<\/cite><\/blockquote>\n\n\n\n<p class=\"has-source-serif-pro-font-family\">Apocalyptic events and their attendant destruction in such narratives are thus not ends in themselves as the contemporary imagination might suggest, but rather, means to an end\u2014means to make renewal possible, and in so doing, convey a message of hope to an imperfect world\u2014a promise of a better one. As the seeress Wenche says in <em>Ragnarok <\/em>(2020), \u2018Many believe that Ragnarok was the end. They are wrong. It is where it all starts.\u2019<\/p>\n\n\n\n<h2 class=\"wp-block-heading\"><strong>Conclusion<\/strong><\/h2>\n\n\n\n<p class=\"has-source-serif-pro-font-family\">In contrast to contemporary fiction, which is fixated on the expression of the finality of apocalyptic destruction, an examination of the apocalyptic narratives in the <em>Book of Revelation <\/em>and<em> V\u00f6lusp\u00e1<\/em> show that destruction in religion and mythology is not antithetical to hope, but a vehicle for it\u2014by serving as a purification of society, bringing an end to an imperfect world and heralding the beginning of a new and better one.<\/p>\n\n\n\n<hr class=\"wp-block-separator has-alpha-channel-opacity\" \/>\n\n\n\n<p class=\"has-text-align-center has-source-serif-pro-font-family\"><strong>References<\/strong><\/p>\n\n\n\n<p class=\"has-source-serif-pro-font-family\">Bellows, H. A. (1936). <em>The Poetic Edda<\/em>. Princeton University Press. <a href=\"https:\/\/www.sacred-texts.com\/neu\/poe\/poe03.htm\">https:\/\/www.sacred-texts.com\/neu\/poe\/poe03.htm<\/a><\/p>\n\n\n\n<p class=\"has-source-serif-pro-font-family\">Bendle, M. F. (2005). The apocalyptic imagination and popular culture. <em>Journal of Religion and Popular Culture<\/em>, <em>11<\/em>(1), 1\u20131. <a href=\"https:\/\/doi.org\/10.3138\/jrpc.11.1.001\">https:\/\/doi.org\/10.3138\/jrpc.11.1.001<\/a><\/p>\n\n\n\n<p class=\"has-source-serif-pro-font-family\">Berger, J. A. (1994). <em>After the End: Representations of Post-Apocalypse<\/em> [Doctoral dissertation, University of Virginia]. ProQuest Dissertations and Theses Global. <a href=\"https:\/\/www.proquest.com\/docview\/304128290\">https:\/\/www.proquest.com\/docview\/304128290<\/a><\/p>\n\n\n\n<p class=\"has-source-serif-pro-font-family\">Carey, G. (2012). <em>Ultimate Things: An Introduction to Jewish and Christian Apocalyptic Literature<\/em>. Chalice Press.<\/p>\n\n\n\n<p class=\"has-source-serif-pro-font-family\">Cohn, N. (1970). <em>The Pursuit of the Millennium: Revolutionary Millenarians and Mystical Anarchists of the Middle Ages<\/em> (3rd ed.). Oxford University Press. <a href=\"https:\/\/theanarchistlibrary.org\/library\/norman-cohn-the-pursuit-of-the-millennium\">https:\/\/theanarchistlibrary.org\/library\/norman-cohn-the-pursuit-of-the-millennium<\/a><\/p>\n\n\n\n<p class=\"has-source-serif-pro-font-family\">Falkenburg, N. A. (2014). <em>Apocaylpse <\/em>[sic]<em> then, apocalypse now, and a future without fear: A neo-paganistic reimagining of our climate change narrative <\/em>[Bachelor\u2019s thesis, Whitman College]. Arminda Collections. <a href=\"https:\/\/arminda.whitman.edu\/theses\/193\">https:\/\/arminda.whitman.edu\/theses\/193<\/a><\/p>\n\n\n\n<p class=\"has-source-serif-pro-font-family\"><em>Holy Bible, New International Version<\/em>. (2011). Bible Gateway. <a href=\"https:\/\/www.biblegateway.com\/passage\/?search=Revelation%201&amp;version=NIV\">https:\/\/www.biblegateway.com\/passage\/?search=Revelation%201&amp;version=NIV<\/a> (Original work published 1973)<\/p>\n\n\n\n<p class=\"has-source-serif-pro-font-family\">Mehanovi\u0107, M. (2021). <em>Fate according to the Prose Edda narration of Ragnarok: A theological contemplation, elaboration and insight to the Norse pagan concept of fate<\/em> [Master\u2019s thesis, University of G\u00e4vle]. DiVA Portal. <a href=\"https:\/\/www.diva-portal.org\/smash\/get\/diva2:1583637\/FULLTEXT01.pdf\">https:\/\/www.diva-portal.org\/smash\/get\/diva2:1583637\/FULLTEXT01.pdf<\/a><\/p>\n\n\n\n<p class=\"has-source-serif-pro-font-family\">Simek, R., &amp; Hall, A. (1996). <em>Dictionary of Northern Mythology<\/em>. D.S. Brewer.<\/p>\n\n\n\n<p class=\"has-source-serif-pro-font-family\">Walker, S. F. (2018). Apocalypse, transformation, and scapegoating: Moving myth into the twenty-first century. In Burnett, L., Bahun, S., &amp; Main, R. (Eds.), <em>Myth, Literature, and the Unconscious <\/em>(pp. 3\u201316). Routledge. <a href=\"https:\/\/doi.org\/10.4324\/9780429477454\">https:\/\/doi.org\/10.4324\/9780429477454<\/a> (Original work published 2013)<\/p>\n\n\n\n<p class=\"has-foreground-color has-background-background-color has-text-color has-background has-source-serif-pro-font-family\">War, T. (2011). Apocalypse then and now. <em>The Criterion: An International Journal in English<\/em>. <em>2<\/em>(1), 8\u201315. <a href=\"http:\/\/www.the-criterion.com\/V2\/n1\/Tasleem.pdf\">http:\/\/www.the-criterion.com\/V2\/n1\/Tasleem.pdf<\/a><\/p>\n\n\n\n<hr class=\"wp-block-separator has-alpha-channel-opacity\" \/>\n\n\n\n<p class=\"has-text-align-center has-source-serif-pro-font-family\">Read more:<\/p>\n\n\n\n<p class=\"has-source-serif-pro-font-family\"><a href=\"https:\/\/issues.digitalpatmos.com\/vol6issue1\/segmenting-segregating-and-separating-the-persistence-of-social-borders-through-time-in-cloud-atlas\/\" data-type=\"page\" data-id=\"8\">Segmenting, Segregating and Separating: The Persistence of Social Borders Through Time in Cloud Atlas<\/a><\/p>\n\n\n\n<p class=\"has-source-serif-pro-font-family\"><a href=\"https:\/\/issues.digitalpatmos.com\/vol6issue1\/affluence-in-a-post-apocalyptic-world-the-power-of-wealth-as-social-structures-in-snowpiercer-and-train-to-busan\/\" data-type=\"page\" data-id=\"13\">Affluence in a Post Apocalyptic World: The Power of Wealth as Social Structures in Snowpiercer and Train to Busan<\/a><\/p>\n\n\n\n<p class=\"has-source-serif-pro-font-family\"><a href=\"https:\/\/issues.digitalpatmos.com\/vol6issue1\/one-mans-trash-is-another-robots-treasure-exploring-garbage-as-a-symbol-of-hope-for-the-recovery-of-a-post-apocalyptic-world-in-wall-e\/\" data-type=\"page\" data-id=\"12\">One Man\u2019s Trash is Another Robot\u2019s Treasure: Exploring Garbage as a Symbol of Hope for the Recovery of a Post-Apocalyptic World in WALL-E<\/a><\/p>\n","protected":false},"excerpt":{"rendered":"<p>by Austin Ho Introduction Contemporary fiction is saturated with dystopian depictions of the apocalypse, carrying images of cataclysmic destruction to society and the world at large. This saturation, Bendle (2005) argues, is reflective of the 20th-century repositioning from a \u2018Promethean to an Augustinian view of human nature and history\u2019 (p. 2), an adverse change in [&hellip;]<\/p>\n","protected":false},"author":43,"featured_media":45,"parent":0,"menu_order":0,"comment_status":"closed","ping_status":"closed","template":"","meta":{"footnotes":""},"class_list":["post-18","page","type-page","status-publish","has-post-thumbnail","hentry"],"_links":{"self":[{"href":"https:\/\/issues.digitalpatmos.com\/vol6issue1\/wp-json\/wp\/v2\/pages\/18","targetHints":{"allow":["GET"]}}],"collection":[{"href":"https:\/\/issues.digitalpatmos.com\/vol6issue1\/wp-json\/wp\/v2\/pages"}],"about":[{"href":"https:\/\/issues.digitalpatmos.com\/vol6issue1\/wp-json\/wp\/v2\/types\/page"}],"author":[{"embeddable":true,"href":"https:\/\/issues.digitalpatmos.com\/vol6issue1\/wp-json\/wp\/v2\/users\/43"}],"replies":[{"embeddable":true,"href":"https:\/\/issues.digitalpatmos.com\/vol6issue1\/wp-json\/wp\/v2\/comments?post=18"}],"version-history":[{"count":23,"href":"https:\/\/issues.digitalpatmos.com\/vol6issue1\/wp-json\/wp\/v2\/pages\/18\/revisions"}],"predecessor-version":[{"id":204,"href":"https:\/\/issues.digitalpatmos.com\/vol6issue1\/wp-json\/wp\/v2\/pages\/18\/revisions\/204"}],"wp:featuredmedia":[{"embeddable":true,"href":"https:\/\/issues.digitalpatmos.com\/vol6issue1\/wp-json\/wp\/v2\/media\/45"}],"wp:attachment":[{"href":"https:\/\/issues.digitalpatmos.com\/vol6issue1\/wp-json\/wp\/v2\/media?parent=18"}],"curies":[{"name":"wp","href":"https:\/\/api.w.org\/{rel}","templated":true}]}}